{"id":30070,"date":"2023-05-10T18:02:00","date_gmt":"2023-05-10T18:02:00","guid":{"rendered":"https:\/\/odorlock.com\/garantia\/"},"modified":"2024-07-10T21:04:49","modified_gmt":"2024-07-10T21:04:49","slug":"garantia","status":"publish","type":"page","link":"https:\/\/odorlock.com\/es\/garantia\/","title":{"rendered":"Garant\u00eda"},"content":{"rendered":"\t\t<div data-elementor-type=\"wp-page\" data-elementor-id=\"30070\" class=\"elementor elementor-30070 elementor-3036\" data-elementor-post-type=\"page\">\n\t\t\t\t\t\t<section class=\"elementor-section elementor-top-section elementor-element elementor-element-c92c377 faq_header elementor-section-boxed elementor-section-height-default elementor-section-height-default\" data-id=\"c92c377\" data-element_type=\"section\" data-e-type=\"section\" data-settings=\"{&quot;background_background&quot;:&quot;classic&quot;}\">\n\t\t\t\t\t\t<div class=\"elementor-container elementor-column-gap-default\">\n\t\t\t\t\t<div class=\"elementor-column elementor-col-100 elementor-top-column elementor-element elementor-element-032a950\" data-id=\"032a950\" data-element_type=\"column\" data-e-type=\"column\">\n\t\t\t<div class=\"elementor-widget-wrap elementor-element-populated\">\n\t\t\t\t\t\t<div class=\"elementor-element elementor-element-9cc188a slider_title elementor-widget elementor-widget-text-editor\" data-id=\"9cc188a\" data-element_type=\"widget\" data-e-type=\"widget\" data-widget_type=\"text-editor.default\">\n\t\t\t\t<div class=\"elementor-widget-container\">\n\t\t\t\t\t\t\t\t\t<h1>Garant\u00eda<\/h1>\n\t\t\t\t\t\t\t\t<\/div>\n\t\t\t\t<\/div>\n\t\t\t\t\t<\/div>\n\t\t<\/div>\n\t\t\t\t\t<\/div>\n\t\t<\/section>\n\t\t<div class=\"elementor-element elementor-element-65d1758 e-flex e-con-boxed e-con e-parent\" data-id=\"65d1758\" data-element_type=\"container\" data-e-type=\"container\">\n\t\t\t\t\t<div class=\"e-con-inner\">\n\t\t\t\t<div class=\"elementor-element elementor-element-99936ed elementor-widget elementor-widget-heading\" data-id=\"99936ed\" data-element_type=\"widget\" data-e-type=\"widget\" data-widget_type=\"heading.default\">\n\t\t\t\t<div class=\"elementor-widget-container\">\n\t\t\t\t\t<h1 class=\"elementor-heading-title elementor-size-default\">OdourLock<sup>\u00ae<\/sup><\/h1>\t\t\t\t<\/div>\n\t\t\t\t<\/div>\n\t\t\t\t\t<\/div>\n\t\t\t\t<\/div>\n\t\t<div class=\"elementor-element elementor-element-63f79c6 e-flex e-con-boxed e-con e-parent\" data-id=\"63f79c6\" data-element_type=\"container\" data-e-type=\"container\">\n\t\t\t\t\t<div class=\"e-con-inner\">\n\t\t\t\t<div class=\"elementor-element elementor-element-758dc7c elementor-widget elementor-widget-text-editor\" data-id=\"758dc7c\" data-element_type=\"widget\" data-e-type=\"widget\" data-widget_type=\"text-editor.default\">\n\t\t\t\t<div class=\"elementor-widget-container\">\n\t\t\t\t\t\t\t\t\t<p>La garant\u00eda de control de olor de 40 d\u00edas de OdourLock<sup>\u00ae<\/sup> se basa en un estudio de laboratorio in vivo independiente realizado en un entorno controlado y supervisado por veterinarios. La garant\u00eda de 40 d\u00edas de OdourLock<sup>\u00ae<\/sup> es v\u00e1lida para un solo gato que utilice una caja de arena limpiada diariamente.<\/p>\n<p>Si la bolsa de OdourLock<sup>\u00ae<\/sup> que has adquirido est\u00e1 da\u00f1ada o defectuosa, <strong>puedes devolver la bolsa y mostrar el recibo al lugar donde la compraste<\/strong> para obtener un reembolso o un cambio de acuerdo con la pol\u00edtica de garant\u00eda de la tienda que te vendi\u00f3 el producto.<\/p>\n<p>Si ya has intentado devolver el producto al minorista y el proceso no ha tenido \u00e9xito, puedes solicitar un cambio en un plazo de 40 d\u00edas a partir de la fecha de compra a trav\u00e9s de la p\u00e1gina de \u00abCont\u00e1ctanos\u00bb, incluyendo el motivo de la devoluci\u00f3n, el n\u00famero de lote impreso en un lado de la bolsa y una foto del recibo de compra. Solo el comprador del producto puede solicitar un cambio; por favor, espera varias semanas para procesarlo. Nos reservamos el derecho a rechazar o limitar determinadas solicitudes de devoluci\u00f3n y\/o cambio, y a limitar los cambios a 1 bolsa por transacci\u00f3n, por hogar.<\/p>\n\t\t\t\t\t\t\t\t<\/div>\n\t\t\t\t<\/div>\n\t\t\t\t\t<\/div>\n\t\t\t\t<\/div>\n\t\t<div class=\"elementor-element elementor-element-af0b0b6 e-flex e-con-boxed e-con e-parent\" data-id=\"af0b0b6\" data-element_type=\"container\" data-e-type=\"container\">\n\t\t\t\t\t<div class=\"e-con-inner\">\n\t\t\t\t<div class=\"elementor-element elementor-element-9939636 elementor-widget elementor-widget-heading\" data-id=\"9939636\" data-element_type=\"widget\" data-e-type=\"widget\" data-widget_type=\"heading.default\">\n\t\t\t\t<div class=\"elementor-widget-container\">\n\t\t\t\t\t<h1 class=\"elementor-heading-title elementor-size-default\">OdourLock<sup>\u00ae<\/sup> maxCare<sup><font size=\"-1\">TM<\/font><\/sup><\/h1>\t\t\t\t<\/div>\n\t\t\t\t<\/div>\n\t\t\t\t\t<\/div>\n\t\t\t\t<\/div>\n\t\t<div class=\"elementor-element elementor-element-99edfc1 e-flex e-con-boxed e-con e-parent\" data-id=\"99edfc1\" data-element_type=\"container\" data-e-type=\"container\">\n\t\t\t\t\t<div class=\"e-con-inner\">\n\t\t\t\t<div class=\"elementor-element elementor-element-bc0fb73 elementor-widget elementor-widget-text-editor\" data-id=\"bc0fb73\" data-element_type=\"widget\" data-e-type=\"widget\" data-widget_type=\"text-editor.default\">\n\t\t\t\t<div class=\"elementor-widget-container\">\n\t\t\t\t\t\t\t\t\t<p>La garant\u00eda de OdourLock<sup>\u00ae<\/sup> cubre la arena de OdourLock<sup>\u00ae<\/sup> maxCare<sup><span>TM<\/span><\/sup>.<\/p>\n<p>Aunque la tecnolog\u00eda Bl\u00fccare<sup>\u00ae<\/sup> ha sido dise\u00f1ada con la colaboraci\u00f3n de veterinarios para detectar problemas de salud en tu gato, nos gustar\u00eda enfatizar que Bl\u00fccare<sup>\u00ae<\/sup> no es un producto de diagn\u00f3stico m\u00e9dico. Solo un veterinario autorizado puede diagnosticar un problema m\u00e9dico.<\/p>\n<p>Bl\u00fccare\u00ae es una tecnolog\u00eda patentada cuya confiabilidad ha sido validada con universidades veterinarias. Los gr\u00e1nulos Bl\u00fccare\u00ae ayudan a detectar sangre y glucosa, biomarcadores presentes en muchas enfermedades del tracto urinario felino y en la diabetes, respectivamente. Los gr\u00e1nulos Bl\u00fccare\u00ae deben conservarse secos, a temperatura ambiente (&lt;25\u00b0C) y alejados de la luz solar directa, y tienen una caducidad de 30 d\u00edas tras su apertura. Si el sobre de gr\u00e1nulos est\u00e1 da\u00f1ado o no est\u00e1 contenido en la bolsa, por favor ponte en contacto con tu tienda.<\/p>\n<p>Los resultados pueden variar en funci\u00f3n de las condiciones urinarias, que pueden interferir en la respuesta normal de los gr\u00e1nulos. Los gr\u00e1nulos Bl\u00fccare\u00ae no son un sustituto de los consejos de un veterinario. Sea cual sea el color de los gr\u00e1nulos, si tu gato muestra alg\u00fan signo inusual o si tienes la m\u00e1s m\u00ednima duda sobre su estado de salud, consulta a un veterinario.<\/p>\n\t\t\t\t\t\t\t\t<\/div>\n\t\t\t\t<\/div>\n\t\t\t\t\t<\/div>\n\t\t\t\t<\/div>\n\t\t<div class=\"elementor-element elementor-element-d78f0ba e-con-full e-flex e-con e-parent\" data-id=\"d78f0ba\" data-element_type=\"container\" data-e-type=\"container\">\n\t\t\t\t<div class=\"elementor-element elementor-element-d1bd242 elementor-widget elementor-widget-template\" data-id=\"d1bd242\" data-element_type=\"widget\" data-e-type=\"widget\" data-widget_type=\"template.default\">\n\t\t\t\t<div class=\"elementor-widget-container\">\n\t\t\t\t\t\t\t<div class=\"elementor-template\">\n\t\t\t\t\t<div data-elementor-type=\"section\" data-elementor-id=\"31680\" class=\"elementor elementor-31680 elementor-2162\" data-elementor-post-type=\"elementor_library\">\n\t\t\t\t\t<section class=\"elementor-section elementor-top-section elementor-element elementor-element-3fd3db49 elementor-section-boxed elementor-section-height-default elementor-section-height-default\" data-id=\"3fd3db49\" data-element_type=\"section\" data-e-type=\"section\" data-settings=\"{&quot;background_background&quot;:&quot;classic&quot;}\">\n\t\t\t\t\t\t<div class=\"elementor-container elementor-column-gap-default\">\n\t\t\t\t\t<div class=\"elementor-column elementor-col-100 elementor-top-column elementor-element elementor-element-6909e438\" data-id=\"6909e438\" data-element_type=\"column\" data-e-type=\"column\">\n\t\t\t<div class=\"elementor-widget-wrap elementor-element-populated\">\n\t\t\t\t\t\t<div class=\"elementor-element elementor-element-4836a1b5 hp_blog_header elementor-widget elementor-widget-text-editor\" data-id=\"4836a1b5\" data-element_type=\"widget\" data-e-type=\"widget\" data-widget_type=\"text-editor.default\">\n\t\t\t\t<div class=\"elementor-widget-container\">\n\t\t\t\t\t\t\t\t\t<h1>Todo saber sobre los gatos<\/h1>\n\t\t\t\t\t\t\t\t<\/div>\n\t\t\t\t<\/div>\n\t\t\t\t<div class=\"elementor-element elementor-element-cd3693a elementor-widget elementor-widget-spacer\" data-id=\"cd3693a\" data-element_type=\"widget\" data-e-type=\"widget\" data-widget_type=\"spacer.default\">\n\t\t\t\t<div class=\"elementor-widget-container\">\n\t\t\t\t\t\t\t<div class=\"elementor-spacer\">\n\t\t\t<div class=\"elementor-spacer-inner\"><\/div>\n\t\t<\/div>\n\t\t\t\t\t\t<\/div>\n\t\t\t\t<\/div>\n\t\t\t\t<div class=\"elementor-element elementor-element-128c8c15 hp_blog_grid elementor-widget elementor-widget-el_blogmod_module\" data-id=\"128c8c15\" data-element_type=\"widget\" data-e-type=\"widget\" data-widget_type=\"el_blogmod_module.default\">\n\t\t\t\t<div class=\"elementor-widget-container\">\n\t\t\t\t\t<div class=\"dfd-module-wrapper dfd-elementor-widget\"><div class=\"dfd-blog-loop dfd-blog-posts-module  default dfd-blog-module-69e5cf9abed8d default\" id=\"dfd-blog-module-69e5cf9abed8d\">\r\n\t<div class=\"dfd-blog-wrap\">\r\n\t\t\t\t<div class=\"dfd-blog dfd-blog-fitRows dfd-new-isotope\"  data-columns=\"3\" data-layout-style=\"fitRows\" data-item=\"post\">\r\n\t\t\t\t\t\t<div class=\"post-31582 post type-post status-publish format-standard has-post-thumbnail hentry category-arena post text-left\" >\r\n\t\t\t\t\t<div class=\"cover\">\r\n\t\t\t\t\t\t\t\t\t\t\t\t\t<div class=\"entry-media \">\r\n\t\t\t\t\t\t\t\t<div class=\"entry-thumb\">\r\n                                    <a href=\"https:\/\/odorlock.com\/es\/se-puede-tirar-la-arena-para-gatos-por-el-inodoro\/\"><img decoding=\"async\" src=\"https:\/\/odorlock.com\/wp-content\/uploads\/2023\/10\/Blogue-litiere-aux-toilettes-2000-x-800-px-900x600.png\" alt=\"\u00bfSe puede tirar la arena para gatos por el inodoro?\"\/><\/a>\r\n\t\t\t\t\t\t\t\t\t\r\n\t\t\t\t\t\t\t\t<\/div>\r\n\t\t\t\t\t\t\t\t<div class=\"dfd-blog-heading-wrap\"><div class=\"dfd-news-categories\">        <span class=\"category\">\r\n            <a href=\"https:\/\/odorlock.com\/es\/category\/arena\/\" class=\"fn\">\r\n                <span class=\"cat-name\">Arena<\/span>\r\n            <\/a>        <\/span>\r\n                        <\/div><div class=\"dfd-blog-title widget-title\"><a href=\"https:\/\/odorlock.com\/es\/se-puede-tirar-la-arena-para-gatos-por-el-inodoro\/\" title=\"\u00bfSe puede tirar la arena para gatos por el inodoro?\">\u00bfSe puede tirar la arena para gatos por el inodoro?<\/a><\/div><\/div>\t\t\t\t\t\t\t<\/div>\r\n\t\t\t\t\t\t\t<div class=\"entry-content text-left\"><p>Al comprar arena para gatos, es posible que encuentres arenas que se anuncian como desechables por el inodoro. Aunque este concepto pueda parecer atractivo, en realidad no es tan sencillo.<\/p><\/div>\t\t\t\t\t\t\t\t<div class=\"dfd-read-share clearfix\">\r\n\t\t\t\t\t\t\t\t\t\t\t\t\t\t\t\t\t\t\t<div class=\"read-more-wrap\">\r\n\t\t\t\t\t\t\t\t\t\t\t<a href=\"https:\/\/odorlock.com\/es\/se-puede-tirar-la-arena-para-gatos-por-el-inodoro\/\" class=\"more-button ezstyle\" title=\"Read more\" data-lang=\"en\">Read more <i class=\"fa fa-chevron-right\"><\/i><\/a>\r\n\t\t\t\t\t\t\t\t\t\t<\/div>\r\n\t\t\t\t\t\t\t\t\t\t\t\t\t\t\t\t\t\t\t\t\t\t\t\t\t\t<\/div>\r\n\t\t\t\t\t\t\t\t\t\t\t\t\t\t\t\t\t\t<\/div>\r\n\t\t\t\t<\/div>\r\n\t\t\t\t\t\t\t\t<div class=\"post-31581 post type-post status-publish format-standard has-post-thumbnail hentry category-salud-felina post text-left\" >\r\n\t\t\t\t\t<div class=\"cover\">\r\n\t\t\t\t\t\t\t\t\t\t\t\t\t<div class=\"entry-media \">\r\n\t\t\t\t\t\t\t\t<div class=\"entry-thumb\">\r\n                                    <a href=\"https:\/\/odorlock.com\/es\/factores-de-riesgo-para-las-enfermedades-del-tracto-urinario-y-la-diabetes\/\"><img decoding=\"async\" src=\"https:\/\/odorlock.com\/wp-content\/uploads\/2023\/05\/facteurs-de-risque-du-diabete-felin-900x600.jpg\" alt=\"Factores de riesgo para las enfermedades del tracto urinario y la diabetes\"\/><\/a>\r\n\t\t\t\t\t\t\t\t\t\r\n\t\t\t\t\t\t\t\t<\/div>\r\n\t\t\t\t\t\t\t\t<div class=\"dfd-blog-heading-wrap\"><div class=\"dfd-news-categories\">        <span class=\"category\">\r\n            <a href=\"https:\/\/odorlock.com\/es\/category\/salud-felina\/\" class=\"fn\">\r\n                <span class=\"cat-name\">Salud felina<\/span>\r\n            <\/a>        <\/span>\r\n                        <\/div><div class=\"dfd-blog-title widget-title\"><a href=\"https:\/\/odorlock.com\/es\/factores-de-riesgo-para-las-enfermedades-del-tracto-urinario-y-la-diabetes\/\" title=\"Factores de riesgo para las enfermedades del tracto urinario y la diabetes\">Factores de riesgo para las enfermedades del tracto urinario y la diabetes<\/a><\/div><\/div>\t\t\t\t\t\t\t<\/div>\r\n\t\t\t\t\t\t\t<div class=\"entry-content text-left\"><p>Los factores de riesgo son caracter\u00edsticas que, cuando est\u00e1n presentes, aumentan la probabilidad de desarrollar ciertos trastornos. Como en el caso de los humanos, se recomienda aumentar la vigilancia de<\/p><\/div>\t\t\t\t\t\t\t\t<div class=\"dfd-read-share clearfix\">\r\n\t\t\t\t\t\t\t\t\t\t\t\t\t\t\t\t\t\t\t<div class=\"read-more-wrap\">\r\n\t\t\t\t\t\t\t\t\t\t\t<a href=\"https:\/\/odorlock.com\/es\/factores-de-riesgo-para-las-enfermedades-del-tracto-urinario-y-la-diabetes\/\" class=\"more-button ezstyle\" title=\"Read more\" data-lang=\"en\">Read more <i class=\"fa fa-chevron-right\"><\/i><\/a>\r\n\t\t\t\t\t\t\t\t\t\t<\/div>\r\n\t\t\t\t\t\t\t\t\t\t\t\t\t\t\t\t\t\t\t\t\t\t\t\t\t\t<\/div>\r\n\t\t\t\t\t\t\t\t\t\t\t\t\t\t\t\t\t\t<\/div>\r\n\t\t\t\t<\/div>\r\n\t\t\t\t\t\t\t\t<div class=\"post-31580 post type-post status-publish format-standard has-post-thumbnail hentry category-salud-felina post text-left\" >\r\n\t\t\t\t\t<div class=\"cover\">\r\n\t\t\t\t\t\t\t\t\t\t\t\t\t<div class=\"entry-media \">\r\n\t\t\t\t\t\t\t\t<div class=\"entry-thumb\">\r\n                                    <a href=\"https:\/\/odorlock.com\/es\/diabetes-felina\/\"><img decoding=\"async\" src=\"https:\/\/odorlock.com\/wp-content\/uploads\/2023\/05\/Sante-feline-Le-Diabete-felin-900x600.jpg\" alt=\"Diabetes felina\"\/><\/a>\r\n\t\t\t\t\t\t\t\t\t\r\n\t\t\t\t\t\t\t\t<\/div>\r\n\t\t\t\t\t\t\t\t<div class=\"dfd-blog-heading-wrap\"><div class=\"dfd-news-categories\">        <span class=\"category\">\r\n            <a href=\"https:\/\/odorlock.com\/es\/category\/salud-felina\/\" class=\"fn\">\r\n                <span class=\"cat-name\">Salud felina<\/span>\r\n            <\/a>        <\/span>\r\n                        <\/div><div class=\"dfd-blog-title widget-title\"><a href=\"https:\/\/odorlock.com\/es\/diabetes-felina\/\" title=\"Diabetes felina\">Diabetes felina<\/a><\/div><\/div>\t\t\t\t\t\t\t<\/div>\r\n\t\t\t\t\t\t\t<div class=\"entry-content text-left\"><p>La diabetes felina es una enfermedad cada vez m\u00e1s com\u00fan en los gatos, y por una buena raz\u00f3n: con el aumento de la obesidad entre nuestras mascotas, acompa\u00f1ado de un<\/p><\/div>\t\t\t\t\t\t\t\t<div class=\"dfd-read-share clearfix\">\r\n\t\t\t\t\t\t\t\t\t\t\t\t\t\t\t\t\t\t\t<div class=\"read-more-wrap\">\r\n\t\t\t\t\t\t\t\t\t\t\t<a href=\"https:\/\/odorlock.com\/es\/diabetes-felina\/\" class=\"more-button ezstyle\" title=\"Read more\" data-lang=\"en\">Read more <i class=\"fa fa-chevron-right\"><\/i><\/a>\r\n\t\t\t\t\t\t\t\t\t\t<\/div>\r\n\t\t\t\t\t\t\t\t\t\t\t\t\t\t\t\t\t\t\t\t\t\t\t\t\t\t<\/div>\r\n\t\t\t\t\t\t\t\t\t\t\t\t\t\t\t\t\t\t<\/div>\r\n\t\t\t\t<\/div>\r\n\t\t\t\t\t\t<\/div>\r\n\t<\/div>\r\n<\/div><script type=\"text\/javascript\">\r\n\t\t\t\t\t\t\t\t(function($) {$(\"head\").append(\"<style>#dfd-blog-module-69e5cf9abed8d .dfd-read-share, #dfd-blog-module-69e5cf9abed8d.dfd-blog-loop.simple .post .cover {border-style: none;}#dfd-blog-module-69e5cf9abed8d .dfd-blog {margin: -10px;}#dfd-blog-module-69e5cf9abed8d .dfd-blog .cover {padding: 10px;}<\/style>\");if(typeof jQuery.fn.initTaxonomyIsotope !== \"undefined\") {\r\n\t\t\t\t\t\tjQuery(\"#dfd-blog-module-69e5cf9abed8d .dfd-new-isotope\").initTaxonomyIsotope();\r\n\t\t\t\t\t}})(jQuery);\r\n\t\t\t\t\t\t\t<\/script><\/div>\t\t\t\t<\/div>\n\t\t\t\t<\/div>\n\t\t\t\t\t<\/div>\n\t\t<\/div>\n\t\t\t\t\t<\/div>\n\t\t<\/section>\n\t\t\t\t<\/div>\n\t\t\t\t<\/div>\n\t\t\t\t\t\t<\/div>\n\t\t\t\t<\/div>\n\t\t\t\t<\/div>\n\t\t\t\t<\/div>\n\t\t","protected":false},"excerpt":{"rendered":"<p>Garant\u00eda OdourLock\u00ae La garant\u00eda de control de olor de 40 d\u00edas de OdourLock\u00ae se basa en un estudio de laboratorio in vivo independiente realizado en un entorno controlado y supervisado<\/p>\n","protected":false},"author":1,"featured_media":0,"parent":0,"menu_order":0,"comment_status":"closed","ping_status":"closed","template":"page-custom.php","meta":{"_acf_changed":false,"inline_featured_image":false,"footnotes":""},"class_list":["post-30070","page","type-page","status-publish","hentry"],"acf":[],"yoast_head":"<!-- This site is optimized with the Yoast SEO plugin v23.9 - https:\/\/yoast.com\/wordpress\/plugins\/seo\/ -->\n<title>Garant\u00eda | Odorlock<\/title>\n<meta name=\"description\" content=\"Garant\u00eda de OdourLock y OdourLock maxCare.\" \/>\n<meta name=\"robots\" content=\"index, follow, max-snippet:-1, max-image-preview:large, max-video-preview:-1\" \/>\n<link rel=\"canonical\" href=\"https:\/\/odorlock.com\/es\/garantia\/\" \/>\n<meta property=\"og:locale\" content=\"es_ES\" \/>\n<meta property=\"og:type\" content=\"article\" \/>\n<meta property=\"og:title\" content=\"Garant\u00eda | Odorlock\" \/>\n<meta property=\"og:description\" content=\"Garant\u00eda de OdourLock y OdourLock maxCare.\" \/>\n<meta property=\"og:url\" content=\"https:\/\/odorlock.com\/es\/garantia\/\" \/>\n<meta property=\"og:site_name\" content=\"Odorlock\" \/>\n<meta property=\"article:publisher\" content=\"https:\/\/www.facebook.com\/odourlocklitter\" \/>\n<meta property=\"article:modified_time\" content=\"2024-07-10T21:04:49+00:00\" \/>\n<meta name=\"twitter:card\" content=\"summary_large_image\" \/>\n<meta name=\"twitter:label1\" content=\"Tiempo de lectura\" \/>\n\t<meta name=\"twitter:data1\" content=\"2 minutos\" \/>\n<script type=\"application\/ld+json\" class=\"yoast-schema-graph\">{\"@context\":\"https:\/\/schema.org\",\"@graph\":[{\"@type\":\"WebPage\",\"@id\":\"https:\/\/odorlock.com\/es\/garantia\/\",\"url\":\"https:\/\/odorlock.com\/es\/garantia\/\",\"name\":\"Garant\u00eda | Odorlock\",\"isPartOf\":{\"@id\":\"https:\/\/odorlock.com\/es\/#website\"},\"datePublished\":\"2023-05-10T18:02:00+00:00\",\"dateModified\":\"2024-07-10T21:04:49+00:00\",\"description\":\"Garant\u00eda de OdourLock y OdourLock maxCare.\",\"breadcrumb\":{\"@id\":\"https:\/\/odorlock.com\/es\/garantia\/#breadcrumb\"},\"inLanguage\":\"es\",\"potentialAction\":[{\"@type\":\"ReadAction\",\"target\":[\"https:\/\/odorlock.com\/es\/garantia\/\"]}]},{\"@type\":\"BreadcrumbList\",\"@id\":\"https:\/\/odorlock.com\/es\/garantia\/#breadcrumb\",\"itemListElement\":[{\"@type\":\"ListItem\",\"position\":1,\"name\":\"Home\",\"item\":\"https:\/\/odorlock.com\/es\/\"},{\"@type\":\"ListItem\",\"position\":2,\"name\":\"Garant\u00eda\"}]},{\"@type\":\"WebSite\",\"@id\":\"https:\/\/odorlock.com\/es\/#website\",\"url\":\"https:\/\/odorlock.com\/es\/\",\"name\":\"Odourlock\",\"description\":\"OdorLock litter is made of a 100% pure natural clay, sodium bentonite. This mineral essential to our exclusive formula comes directly from Wyoming mines.\",\"publisher\":{\"@id\":\"https:\/\/odorlock.com\/es\/#organization\"},\"potentialAction\":[{\"@type\":\"SearchAction\",\"target\":{\"@type\":\"EntryPoint\",\"urlTemplate\":\"https:\/\/odorlock.com\/es\/?s={search_term_string}\"},\"query-input\":{\"@type\":\"PropertyValueSpecification\",\"valueRequired\":true,\"valueName\":\"search_term_string\"}}],\"inLanguage\":\"es\"},{\"@type\":\"Organization\",\"@id\":\"https:\/\/odorlock.com\/es\/#organization\",\"name\":\"Odourlock\",\"url\":\"https:\/\/odorlock.com\/es\/\",\"logo\":{\"@type\":\"ImageObject\",\"inLanguage\":\"es\",\"@id\":\"https:\/\/odorlock.com\/es\/#\/schema\/logo\/image\/\",\"url\":\"https:\/\/odorlock.com\/wp-content\/uploads\/2023\/03\/OdourLock_Lifestyle16_jpg.jpg\",\"contentUrl\":\"https:\/\/odorlock.com\/wp-content\/uploads\/2023\/03\/OdourLock_Lifestyle16_jpg.jpg\",\"width\":1504,\"height\":1004,\"caption\":\"Odourlock\"},\"image\":{\"@id\":\"https:\/\/odorlock.com\/es\/#\/schema\/logo\/image\/\"},\"sameAs\":[\"https:\/\/www.facebook.com\/odourlocklitter\",\"https:\/\/www.instagram.com\/odourlocklitter\/\"]}]}<\/script>\n<!-- \/ Yoast SEO plugin. -->","yoast_head_json":{"title":"Garant\u00eda | Odorlock","description":"Garant\u00eda de OdourLock y OdourLock maxCare.","robots":{"index":"index","follow":"follow","max-snippet":"max-snippet:-1","max-image-preview":"max-image-preview:large","max-video-preview":"max-video-preview:-1"},"canonical":"https:\/\/odorlock.com\/es\/garantia\/","og_locale":"es_ES","og_type":"article","og_title":"Garant\u00eda | Odorlock","og_description":"Garant\u00eda de OdourLock y OdourLock maxCare.","og_url":"https:\/\/odorlock.com\/es\/garantia\/","og_site_name":"Odorlock","article_publisher":"https:\/\/www.facebook.com\/odourlocklitter","article_modified_time":"2024-07-10T21:04:49+00:00","twitter_card":"summary_large_image","twitter_misc":{"Tiempo de lectura":"2 minutos"},"schema":{"@context":"https:\/\/schema.org","@graph":[{"@type":"WebPage","@id":"https:\/\/odorlock.com\/es\/garantia\/","url":"https:\/\/odorlock.com\/es\/garantia\/","name":"Garant\u00eda | Odorlock","isPartOf":{"@id":"https:\/\/odorlock.com\/es\/#website"},"datePublished":"2023-05-10T18:02:00+00:00","dateModified":"2024-07-10T21:04:49+00:00","description":"Garant\u00eda de OdourLock y OdourLock maxCare.","breadcrumb":{"@id":"https:\/\/odorlock.com\/es\/garantia\/#breadcrumb"},"inLanguage":"es","potentialAction":[{"@type":"ReadAction","target":["https:\/\/odorlock.com\/es\/garantia\/"]}]},{"@type":"BreadcrumbList","@id":"https:\/\/odorlock.com\/es\/garantia\/#breadcrumb","itemListElement":[{"@type":"ListItem","position":1,"name":"Home","item":"https:\/\/odorlock.com\/es\/"},{"@type":"ListItem","position":2,"name":"Garant\u00eda"}]},{"@type":"WebSite","@id":"https:\/\/odorlock.com\/es\/#website","url":"https:\/\/odorlock.com\/es\/","name":"Odourlock","description":"OdorLock litter is made of a 100% pure natural clay, sodium bentonite. This mineral essential to our exclusive formula comes directly from Wyoming mines.","publisher":{"@id":"https:\/\/odorlock.com\/es\/#organization"},"potentialAction":[{"@type":"SearchAction","target":{"@type":"EntryPoint","urlTemplate":"https:\/\/odorlock.com\/es\/?s={search_term_string}"},"query-input":{"@type":"PropertyValueSpecification","valueRequired":true,"valueName":"search_term_string"}}],"inLanguage":"es"},{"@type":"Organization","@id":"https:\/\/odorlock.com\/es\/#organization","name":"Odourlock","url":"https:\/\/odorlock.com\/es\/","logo":{"@type":"ImageObject","inLanguage":"es","@id":"https:\/\/odorlock.com\/es\/#\/schema\/logo\/image\/","url":"https:\/\/odorlock.com\/wp-content\/uploads\/2023\/03\/OdourLock_Lifestyle16_jpg.jpg","contentUrl":"https:\/\/odorlock.com\/wp-content\/uploads\/2023\/03\/OdourLock_Lifestyle16_jpg.jpg","width":1504,"height":1004,"caption":"Odourlock"},"image":{"@id":"https:\/\/odorlock.com\/es\/#\/schema\/logo\/image\/"},"sameAs":["https:\/\/www.facebook.com\/odourlocklitter","https:\/\/www.instagram.com\/odourlocklitter\/"]}]}},"_links":{"self":[{"href":"https:\/\/odorlock.com\/es\/wp-json\/wp\/v2\/pages\/30070","targetHints":{"allow":["GET"]}}],"collection":[{"href":"https:\/\/odorlock.com\/es\/wp-json\/wp\/v2\/pages"}],"about":[{"href":"https:\/\/odorlock.com\/es\/wp-json\/wp\/v2\/types\/page"}],"author":[{"embeddable":true,"href":"https:\/\/odorlock.com\/es\/wp-json\/wp\/v2\/users\/1"}],"replies":[{"embeddable":true,"href":"https:\/\/odorlock.com\/es\/wp-json\/wp\/v2\/comments?post=30070"}],"version-history":[{"count":3,"href":"https:\/\/odorlock.com\/es\/wp-json\/wp\/v2\/pages\/30070\/revisions"}],"predecessor-version":[{"id":30086,"href":"https:\/\/odorlock.com\/es\/wp-json\/wp\/v2\/pages\/30070\/revisions\/30086"}],"wp:attachment":[{"href":"https:\/\/odorlock.com\/es\/wp-json\/wp\/v2\/media?parent=30070"}],"curies":[{"name":"wp","href":"https:\/\/api.w.org\/{rel}","templated":true}]}}