{"id":30030,"date":"2023-06-12T15:50:37","date_gmt":"2023-06-12T15:50:37","guid":{"rendered":"https:\/\/odorlock.com\/publicaciones-cientificas\/"},"modified":"2024-07-10T21:05:24","modified_gmt":"2024-07-10T21:05:24","slug":"publicaciones-cientificas","status":"publish","type":"page","link":"https:\/\/odorlock.com\/es\/publicaciones-cientificas\/","title":{"rendered":"Publicaciones cient\u00edficas"},"content":{"rendered":"\t\t<div data-elementor-type=\"wp-page\" data-elementor-id=\"30030\" class=\"elementor elementor-30030 elementor-3772\" data-elementor-post-type=\"page\">\n\t\t\t\t\t\t<section class=\"elementor-section elementor-top-section elementor-element elementor-element-c92c377 faq_header elementor-section-boxed elementor-section-height-default elementor-section-height-default\" data-id=\"c92c377\" data-element_type=\"section\" data-e-type=\"section\" data-settings=\"{&quot;background_background&quot;:&quot;classic&quot;}\">\n\t\t\t\t\t\t<div class=\"elementor-container elementor-column-gap-default\">\n\t\t\t\t\t<div class=\"elementor-column elementor-col-100 elementor-top-column elementor-element elementor-element-032a950\" data-id=\"032a950\" data-element_type=\"column\" data-e-type=\"column\">\n\t\t\t<div class=\"elementor-widget-wrap elementor-element-populated\">\n\t\t\t\t\t\t<div class=\"elementor-element elementor-element-9cc188a slider_title elementor-widget elementor-widget-text-editor\" data-id=\"9cc188a\" data-element_type=\"widget\" data-e-type=\"widget\" data-widget_type=\"text-editor.default\">\n\t\t\t\t<div class=\"elementor-widget-container\">\n\t\t\t\t\t\t\t\t\t<h1>Publicaciones<\/h1>\n\t\t\t\t\t\t\t\t<\/div>\n\t\t\t\t<\/div>\n\t\t\t\t\t<\/div>\n\t\t<\/div>\n\t\t\t\t\t<\/div>\n\t\t<\/section>\n\t\t<div class=\"elementor-element elementor-element-8b0cb39 e-flex e-con-boxed e-con e-parent\" data-id=\"8b0cb39\" data-element_type=\"container\" data-e-type=\"container\">\n\t\t\t\t\t<div class=\"e-con-inner\">\n\t\t\t\t<div class=\"elementor-element elementor-element-f344166 elementor-widget elementor-widget-text-editor\" data-id=\"f344166\" data-element_type=\"widget\" data-e-type=\"widget\" data-widget_type=\"text-editor.default\">\n\t\t\t\t<div class=\"elementor-widget-container\">\n\t\t\t\t\t\t\t\t\t<p>En esta secci\u00f3n se enumeran todas las publicaciones cient\u00edficas realizadas hasta la fecha sobre las arenas OdourLock\u00ae y los gr\u00e1nulos Bl\u00fccare\u00ae. Algunos estudios solo est\u00e1n disponibles en franc\u00e9s.<\/p>\n\t\t\t\t\t\t\t\t<\/div>\n\t\t\t\t<\/div>\n\t\t\t\t\t<\/div>\n\t\t\t\t<\/div>\n\t\t<div class=\"elementor-element elementor-element-919e0fd e-flex e-con-boxed e-con e-parent\" data-id=\"919e0fd\" data-element_type=\"container\" data-e-type=\"container\">\n\t\t\t\t\t<div class=\"e-con-inner\">\n\t\t\t\t<div class=\"elementor-element elementor-element-4c4720f elementor-widget elementor-widget-heading\" data-id=\"4c4720f\" data-element_type=\"widget\" data-e-type=\"widget\" data-widget_type=\"heading.default\">\n\t\t\t\t<div class=\"elementor-widget-container\">\n\t\t\t\t\t<h2 class=\"elementor-heading-title elementor-size-default\">Arena OdourLock<sup>\u00ae<\/sup><\/h2>\t\t\t\t<\/div>\n\t\t\t\t<\/div>\n\t\t\t\t\t<\/div>\n\t\t\t\t<\/div>\n\t\t<div class=\"elementor-element elementor-element-c920ed8 e-flex e-con-boxed e-con e-parent\" data-id=\"c920ed8\" data-element_type=\"container\" data-e-type=\"container\">\n\t\t\t\t\t<div class=\"e-con-inner\">\n\t\t\t\t<div class=\"elementor-element elementor-element-81c132f elementor-widget elementor-widget-text-editor\" data-id=\"81c132f\" data-element_type=\"widget\" data-e-type=\"widget\" data-widget_type=\"text-editor.default\">\n\t\t\t\t<div class=\"elementor-widget-container\">\n\t\t\t\t\t\t\t\t\t<p><strong>Aprobaci\u00f3n veterinaria de los productos de arenas de Intersand Group<\/strong><\/p>\n<ul>\n<li><a href=\"https:\/\/odourlock.com\/wp-content\/uploads\/2023\/06\/Paradis-V.-et-al.-2020_Extract_Abstract-part.1_Groupe-de-reflexion-veterinaire_La-litiere-dans-le-cadre-du-bien-etre-du-chat.pdf\" target=\"_blank\" rel=\"noopener\"><em><span style=\"font-weight: 400;\">Paradis V. et al., 2020, La liti\u00e8re dans le cadre du bien-\u00eatre du chat, pour des liti\u00e8res adapt\u00e9es aux chats (La arena como parte del bienestar del gato, para arenas aptas para gatos) (en franc\u00e9s)<\/span><\/em><\/a><\/li>\n<\/ul>\n\t\t\t\t\t\t\t\t<\/div>\n\t\t\t\t<\/div>\n\t\t\t\t\t<\/div>\n\t\t\t\t<\/div>\n\t\t<div class=\"elementor-element elementor-element-4b9f607 e-flex e-con-boxed e-con e-parent\" data-id=\"4b9f607\" data-element_type=\"container\" data-e-type=\"container\">\n\t\t\t\t\t<div class=\"e-con-inner\">\n\t\t\t\t<div class=\"elementor-element elementor-element-40170bf elementor-widget elementor-widget-heading\" data-id=\"40170bf\" data-element_type=\"widget\" data-e-type=\"widget\" data-widget_type=\"heading.default\">\n\t\t\t\t<div class=\"elementor-widget-container\">\n\t\t\t\t\t<h2 class=\"elementor-heading-title elementor-size-default\">Tecnolog\u00eda Bl\u00fccare<sup>\u00ae<\/sup><\/h2>\t\t\t\t<\/div>\n\t\t\t\t<\/div>\n\t\t\t\t\t<\/div>\n\t\t\t\t<\/div>\n\t\t<div class=\"elementor-element elementor-element-ead198b e-flex e-con-boxed e-con e-parent\" data-id=\"ead198b\" data-element_type=\"container\" data-e-type=\"container\">\n\t\t\t\t\t<div class=\"e-con-inner\">\n\t\t\t\t<div class=\"elementor-element elementor-element-258e003 elementor-widget elementor-widget-text-editor\" data-id=\"258e003\" data-element_type=\"widget\" data-e-type=\"widget\" data-widget_type=\"text-editor.default\">\n\t\t\t\t<div class=\"elementor-widget-container\">\n\t\t\t\t\t\t\t\t\t<p><strong>Producto comercializado para glucosuria<\/strong><\/p>\n<ul>\n<li><em><a href=\"https:\/\/odourlock.com\/wp-content\/uploads\/2023\/06\/DIQULO1.pdf\" target=\"_blank\" rel=\"noopener\">Diqu\u00e9lou A. et al., 2020, Reliability assessment of a novel home screening test for feline glucosuria (Evaluaci\u00f3n de la confiabilidad de una nueva prueba casera de detecci\u00f3n de la glucosuria felina)<\/a><\/em><\/li>\n<li><em><a href=\"https:\/\/odourlock.com\/wp-content\/uploads\/2023\/06\/KHENIF3.pdf\" target=\"_blank\" rel=\"noopener\">Khenifar E. et al., 2020, Ex Vivo Sensitivity and robustness of a novel home-screening test for feline glucosaria (Solidez y sensibilidad ex vivo de una nueva prueba casera de detecci\u00f3n de la glucosuria felina)<\/a><\/em><\/li>\n<li><em><a href=\"https:\/\/odourlock.com\/wp-content\/uploads\/2023\/06\/SCHERK2.pdf\" target=\"_blank\" rel=\"noopener\">Scherk M. et al., 2020 (upd_22), Detecting, diagnosing, and monitoring diabetes mellitus in cats (Detecci\u00f3n, diagn\u00f3stico y supervisi\u00f3n de la diabetes mellitus en gatos)<\/a><\/em><\/li>\n<\/ul>\n<p><strong>Producto comercializado para la hematuria<\/strong><\/p>\n<ul>\n<li><em><a href=\"https:\/\/odourlock.com\/wp-content\/uploads\/2023\/06\/GARA-B1.pdf\" target=\"_blank\" rel=\"noopener\">Gara-Boivin, 2018, Ex Vivo Sensitivity and robustness of a novel home-screening test for F.Hematuria (Solidez y sensibilidad ex vivo de una nueva prueba casera de detecci\u00f3n de la hematuria felina)<\/a><\/em><\/li>\n<li><em><a href=\"https:\/\/odourlock.com\/wp-content\/uploads\/2023\/06\/KHENIF1.pdf\" target=\"_blank\" rel=\"noopener\">Khenifar E. et al., 2018, Reliability assessment of a novel feline hematuria home screening test (Detecci\u00f3n, diagn\u00f3stico y supervisi\u00f3n de la hematuria felina)<\/a><\/em><\/li>\n<li><em><a href=\"https:\/\/odourlock.com\/wp-content\/uploads\/2023\/06\/Khenifar-E.-2019-Evaluation-de-l-utilite-clinique-d-une-methode-de-depistage-de-l-hematurie-feline_memoire.pdf\" target=\"_blank\" rel=\"noopener\">Khenifar E., 2019, Evaluation de l&#8217;utilit\u00e9 clinique d&#8217;une m\u00e9thode de d\u00e9pistage de l&#8217;h\u00e9maturie f\u00e9line (Evaluaci\u00f3n de la utilidad cl\u00ednica de un m\u00e9todo de detecci\u00f3n de la hematuria felina) (en franc\u00e9s)<\/a><\/em><\/li>\n<li><em><a href=\"https:\/\/odourlock.com\/wp-content\/uploads\/2023\/06\/SCHERK1.pdf\" target=\"_blank\" rel=\"noopener\">Scherk M. et al, 2018, gr\u00e1nulos Bl\u00fccare<\/a><\/em><\/li>\n<\/ul>\n\t\t\t\t\t\t\t\t<\/div>\n\t\t\t\t<\/div>\n\t\t\t\t\t<\/div>\n\t\t\t\t<\/div>\n\t\t<div class=\"elementor-element elementor-element-d78f0ba e-con-full e-flex e-con e-parent\" data-id=\"d78f0ba\" data-element_type=\"container\" data-e-type=\"container\">\n\t\t\t\t<div class=\"elementor-element elementor-element-d1bd242 elementor-widget elementor-widget-template\" data-id=\"d1bd242\" data-element_type=\"widget\" data-e-type=\"widget\" data-widget_type=\"template.default\">\n\t\t\t\t<div class=\"elementor-widget-container\">\n\t\t\t\t\t\t\t<div class=\"elementor-template\">\n\t\t\t\t\t<div data-elementor-type=\"section\" data-elementor-id=\"31680\" class=\"elementor elementor-31680 elementor-2162\" data-elementor-post-type=\"elementor_library\">\n\t\t\t\t\t<section class=\"elementor-section elementor-top-section elementor-element elementor-element-3fd3db49 elementor-section-boxed elementor-section-height-default elementor-section-height-default\" data-id=\"3fd3db49\" data-element_type=\"section\" data-e-type=\"section\" data-settings=\"{&quot;background_background&quot;:&quot;classic&quot;}\">\n\t\t\t\t\t\t<div class=\"elementor-container elementor-column-gap-default\">\n\t\t\t\t\t<div class=\"elementor-column elementor-col-100 elementor-top-column elementor-element elementor-element-6909e438\" data-id=\"6909e438\" data-element_type=\"column\" data-e-type=\"column\">\n\t\t\t<div class=\"elementor-widget-wrap elementor-element-populated\">\n\t\t\t\t\t\t<div class=\"elementor-element elementor-element-4836a1b5 hp_blog_header elementor-widget elementor-widget-text-editor\" data-id=\"4836a1b5\" data-element_type=\"widget\" data-e-type=\"widget\" data-widget_type=\"text-editor.default\">\n\t\t\t\t<div class=\"elementor-widget-container\">\n\t\t\t\t\t\t\t\t\t<h1>Todo saber sobre los gatos<\/h1>\n\t\t\t\t\t\t\t\t<\/div>\n\t\t\t\t<\/div>\n\t\t\t\t<div class=\"elementor-element elementor-element-cd3693a elementor-widget elementor-widget-spacer\" data-id=\"cd3693a\" data-element_type=\"widget\" data-e-type=\"widget\" data-widget_type=\"spacer.default\">\n\t\t\t\t<div class=\"elementor-widget-container\">\n\t\t\t\t\t\t\t<div class=\"elementor-spacer\">\n\t\t\t<div class=\"elementor-spacer-inner\"><\/div>\n\t\t<\/div>\n\t\t\t\t\t\t<\/div>\n\t\t\t\t<\/div>\n\t\t\t\t<div class=\"elementor-element elementor-element-128c8c15 hp_blog_grid elementor-widget elementor-widget-el_blogmod_module\" data-id=\"128c8c15\" data-element_type=\"widget\" data-e-type=\"widget\" data-widget_type=\"el_blogmod_module.default\">\n\t\t\t\t<div class=\"elementor-widget-container\">\n\t\t\t\t\t<div class=\"dfd-module-wrapper dfd-elementor-widget\"><div class=\"dfd-blog-loop dfd-blog-posts-module  default dfd-blog-module-69e5ba2c2dd64 default\" id=\"dfd-blog-module-69e5ba2c2dd64\">\r\n\t<div class=\"dfd-blog-wrap\">\r\n\t\t\t\t<div class=\"dfd-blog dfd-blog-fitRows dfd-new-isotope\"  data-columns=\"3\" data-layout-style=\"fitRows\" data-item=\"post\">\r\n\t\t\t\t\t\t<div class=\"post-31582 post type-post status-publish format-standard has-post-thumbnail hentry category-arena post text-left\" >\r\n\t\t\t\t\t<div class=\"cover\">\r\n\t\t\t\t\t\t\t\t\t\t\t\t\t<div class=\"entry-media \">\r\n\t\t\t\t\t\t\t\t<div class=\"entry-thumb\">\r\n                                    <a href=\"https:\/\/odorlock.com\/es\/se-puede-tirar-la-arena-para-gatos-por-el-inodoro\/\"><img decoding=\"async\" src=\"https:\/\/odorlock.com\/wp-content\/uploads\/2023\/10\/Blogue-litiere-aux-toilettes-2000-x-800-px-900x600.png\" alt=\"\u00bfSe puede tirar la arena para gatos por el inodoro?\"\/><\/a>\r\n\t\t\t\t\t\t\t\t\t\r\n\t\t\t\t\t\t\t\t<\/div>\r\n\t\t\t\t\t\t\t\t<div class=\"dfd-blog-heading-wrap\"><div class=\"dfd-news-categories\">        <span class=\"category\">\r\n            <a href=\"https:\/\/odorlock.com\/es\/category\/arena\/\" class=\"fn\">\r\n                <span class=\"cat-name\">Arena<\/span>\r\n            <\/a>        <\/span>\r\n                        <\/div><div class=\"dfd-blog-title widget-title\"><a href=\"https:\/\/odorlock.com\/es\/se-puede-tirar-la-arena-para-gatos-por-el-inodoro\/\" title=\"\u00bfSe puede tirar la arena para gatos por el inodoro?\">\u00bfSe puede tirar la arena para gatos por el inodoro?<\/a><\/div><\/div>\t\t\t\t\t\t\t<\/div>\r\n\t\t\t\t\t\t\t<div class=\"entry-content text-left\"><p>Al comprar arena para gatos, es posible que encuentres arenas que se anuncian como desechables por el inodoro. Aunque este concepto pueda parecer atractivo, en realidad no es tan sencillo.<\/p><\/div>\t\t\t\t\t\t\t\t<div class=\"dfd-read-share clearfix\">\r\n\t\t\t\t\t\t\t\t\t\t\t\t\t\t\t\t\t\t\t<div class=\"read-more-wrap\">\r\n\t\t\t\t\t\t\t\t\t\t\t<a href=\"https:\/\/odorlock.com\/es\/se-puede-tirar-la-arena-para-gatos-por-el-inodoro\/\" class=\"more-button ezstyle\" title=\"Read more\" data-lang=\"en\">Read more <i class=\"fa fa-chevron-right\"><\/i><\/a>\r\n\t\t\t\t\t\t\t\t\t\t<\/div>\r\n\t\t\t\t\t\t\t\t\t\t\t\t\t\t\t\t\t\t\t\t\t\t\t\t\t\t<\/div>\r\n\t\t\t\t\t\t\t\t\t\t\t\t\t\t\t\t\t\t<\/div>\r\n\t\t\t\t<\/div>\r\n\t\t\t\t\t\t\t\t<div class=\"post-31581 post type-post status-publish format-standard has-post-thumbnail hentry category-salud-felina post text-left\" >\r\n\t\t\t\t\t<div class=\"cover\">\r\n\t\t\t\t\t\t\t\t\t\t\t\t\t<div class=\"entry-media \">\r\n\t\t\t\t\t\t\t\t<div class=\"entry-thumb\">\r\n                                    <a href=\"https:\/\/odorlock.com\/es\/factores-de-riesgo-para-las-enfermedades-del-tracto-urinario-y-la-diabetes\/\"><img decoding=\"async\" src=\"https:\/\/odorlock.com\/wp-content\/uploads\/2023\/05\/facteurs-de-risque-du-diabete-felin-900x600.jpg\" alt=\"Factores de riesgo para las enfermedades del tracto urinario y la diabetes\"\/><\/a>\r\n\t\t\t\t\t\t\t\t\t\r\n\t\t\t\t\t\t\t\t<\/div>\r\n\t\t\t\t\t\t\t\t<div class=\"dfd-blog-heading-wrap\"><div class=\"dfd-news-categories\">        <span class=\"category\">\r\n            <a href=\"https:\/\/odorlock.com\/es\/category\/salud-felina\/\" class=\"fn\">\r\n                <span class=\"cat-name\">Salud felina<\/span>\r\n            <\/a>        <\/span>\r\n                        <\/div><div class=\"dfd-blog-title widget-title\"><a href=\"https:\/\/odorlock.com\/es\/factores-de-riesgo-para-las-enfermedades-del-tracto-urinario-y-la-diabetes\/\" title=\"Factores de riesgo para las enfermedades del tracto urinario y la diabetes\">Factores de riesgo para las enfermedades del tracto urinario y la diabetes<\/a><\/div><\/div>\t\t\t\t\t\t\t<\/div>\r\n\t\t\t\t\t\t\t<div class=\"entry-content text-left\"><p>Los factores de riesgo son caracter\u00edsticas que, cuando est\u00e1n presentes, aumentan la probabilidad de desarrollar ciertos trastornos. Como en el caso de los humanos, se recomienda aumentar la vigilancia de<\/p><\/div>\t\t\t\t\t\t\t\t<div class=\"dfd-read-share clearfix\">\r\n\t\t\t\t\t\t\t\t\t\t\t\t\t\t\t\t\t\t\t<div class=\"read-more-wrap\">\r\n\t\t\t\t\t\t\t\t\t\t\t<a href=\"https:\/\/odorlock.com\/es\/factores-de-riesgo-para-las-enfermedades-del-tracto-urinario-y-la-diabetes\/\" class=\"more-button ezstyle\" title=\"Read more\" data-lang=\"en\">Read more <i class=\"fa fa-chevron-right\"><\/i><\/a>\r\n\t\t\t\t\t\t\t\t\t\t<\/div>\r\n\t\t\t\t\t\t\t\t\t\t\t\t\t\t\t\t\t\t\t\t\t\t\t\t\t\t<\/div>\r\n\t\t\t\t\t\t\t\t\t\t\t\t\t\t\t\t\t\t<\/div>\r\n\t\t\t\t<\/div>\r\n\t\t\t\t\t\t\t\t<div class=\"post-31580 post type-post status-publish format-standard has-post-thumbnail hentry category-salud-felina post text-left\" >\r\n\t\t\t\t\t<div class=\"cover\">\r\n\t\t\t\t\t\t\t\t\t\t\t\t\t<div class=\"entry-media \">\r\n\t\t\t\t\t\t\t\t<div class=\"entry-thumb\">\r\n                                    <a href=\"https:\/\/odorlock.com\/es\/diabetes-felina\/\"><img decoding=\"async\" src=\"https:\/\/odorlock.com\/wp-content\/uploads\/2023\/05\/Sante-feline-Le-Diabete-felin-900x600.jpg\" alt=\"Diabetes felina\"\/><\/a>\r\n\t\t\t\t\t\t\t\t\t\r\n\t\t\t\t\t\t\t\t<\/div>\r\n\t\t\t\t\t\t\t\t<div class=\"dfd-blog-heading-wrap\"><div class=\"dfd-news-categories\">        <span class=\"category\">\r\n            <a href=\"https:\/\/odorlock.com\/es\/category\/salud-felina\/\" class=\"fn\">\r\n                <span class=\"cat-name\">Salud felina<\/span>\r\n            <\/a>        <\/span>\r\n                        <\/div><div class=\"dfd-blog-title widget-title\"><a href=\"https:\/\/odorlock.com\/es\/diabetes-felina\/\" title=\"Diabetes felina\">Diabetes felina<\/a><\/div><\/div>\t\t\t\t\t\t\t<\/div>\r\n\t\t\t\t\t\t\t<div class=\"entry-content text-left\"><p>La diabetes felina es una enfermedad cada vez m\u00e1s com\u00fan en los gatos, y por una buena raz\u00f3n: con el aumento de la obesidad entre nuestras mascotas, acompa\u00f1ado de un<\/p><\/div>\t\t\t\t\t\t\t\t<div class=\"dfd-read-share clearfix\">\r\n\t\t\t\t\t\t\t\t\t\t\t\t\t\t\t\t\t\t\t<div class=\"read-more-wrap\">\r\n\t\t\t\t\t\t\t\t\t\t\t<a href=\"https:\/\/odorlock.com\/es\/diabetes-felina\/\" class=\"more-button ezstyle\" title=\"Read more\" data-lang=\"en\">Read more <i class=\"fa fa-chevron-right\"><\/i><\/a>\r\n\t\t\t\t\t\t\t\t\t\t<\/div>\r\n\t\t\t\t\t\t\t\t\t\t\t\t\t\t\t\t\t\t\t\t\t\t\t\t\t\t<\/div>\r\n\t\t\t\t\t\t\t\t\t\t\t\t\t\t\t\t\t\t<\/div>\r\n\t\t\t\t<\/div>\r\n\t\t\t\t\t\t<\/div>\r\n\t<\/div>\r\n<\/div><script type=\"text\/javascript\">\r\n\t\t\t\t\t\t\t\t(function($) {$(\"head\").append(\"<style>#dfd-blog-module-69e5ba2c2dd64 .dfd-read-share, #dfd-blog-module-69e5ba2c2dd64.dfd-blog-loop.simple .post .cover {border-style: none;}#dfd-blog-module-69e5ba2c2dd64 .dfd-blog {margin: -10px;}#dfd-blog-module-69e5ba2c2dd64 .dfd-blog .cover {padding: 10px;}<\/style>\");if(typeof jQuery.fn.initTaxonomyIsotope !== \"undefined\") {\r\n\t\t\t\t\t\tjQuery(\"#dfd-blog-module-69e5ba2c2dd64 .dfd-new-isotope\").initTaxonomyIsotope();\r\n\t\t\t\t\t}})(jQuery);\r\n\t\t\t\t\t\t\t<\/script><\/div>\t\t\t\t<\/div>\n\t\t\t\t<\/div>\n\t\t\t\t\t<\/div>\n\t\t<\/div>\n\t\t\t\t\t<\/div>\n\t\t<\/section>\n\t\t\t\t<\/div>\n\t\t\t\t<\/div>\n\t\t\t\t\t\t<\/div>\n\t\t\t\t<\/div>\n\t\t\t\t<\/div>\n\t\t\t\t<\/div>\n\t\t","protected":false},"excerpt":{"rendered":"<p>Publicaciones En esta secci\u00f3n se enumeran todas las publicaciones cient\u00edficas realizadas hasta la fecha sobre las arenas OdourLock\u00ae y los gr\u00e1nulos Bl\u00fccare\u00ae. Algunos estudios solo est\u00e1n disponibles en franc\u00e9s. Arena<\/p>\n","protected":false},"author":1,"featured_media":0,"parent":0,"menu_order":0,"comment_status":"closed","ping_status":"closed","template":"page-custom.php","meta":{"_acf_changed":false,"inline_featured_image":false,"footnotes":""},"class_list":["post-30030","page","type-page","status-publish","hentry"],"acf":[],"yoast_head":"<!-- This site is optimized with the Yoast SEO plugin v23.9 - https:\/\/yoast.com\/wordpress\/plugins\/seo\/ -->\n<title>Publicaciones cient\u00edficas | Odorlock<\/title>\n<meta name=\"robots\" content=\"index, follow, max-snippet:-1, max-image-preview:large, max-video-preview:-1\" \/>\n<link rel=\"canonical\" href=\"https:\/\/odorlock.com\/es\/publicaciones-cientificas\/\" \/>\n<meta property=\"og:locale\" content=\"es_ES\" \/>\n<meta property=\"og:type\" content=\"article\" \/>\n<meta property=\"og:title\" content=\"Publicaciones cient\u00edficas | Odorlock\" \/>\n<meta property=\"og:description\" content=\"Publicaciones En esta secci\u00f3n se enumeran todas las publicaciones cient\u00edficas realizadas hasta la fecha sobre las arenas OdourLock\u00ae y los gr\u00e1nulos Bl\u00fccare\u00ae. Algunos estudios solo est\u00e1n disponibles en franc\u00e9s. Arena\" \/>\n<meta property=\"og:url\" content=\"https:\/\/odorlock.com\/es\/publicaciones-cientificas\/\" \/>\n<meta property=\"og:site_name\" content=\"Odorlock\" \/>\n<meta property=\"article:publisher\" content=\"https:\/\/www.facebook.com\/odourlocklitter\" \/>\n<meta property=\"article:modified_time\" content=\"2024-07-10T21:05:24+00:00\" \/>\n<meta name=\"twitter:card\" content=\"summary_large_image\" \/>\n<meta name=\"twitter:label1\" content=\"Tiempo de lectura\" \/>\n\t<meta name=\"twitter:data1\" content=\"1 minuto\" \/>\n<script type=\"application\/ld+json\" class=\"yoast-schema-graph\">{\"@context\":\"https:\/\/schema.org\",\"@graph\":[{\"@type\":\"WebPage\",\"@id\":\"https:\/\/odorlock.com\/es\/publicaciones-cientificas\/\",\"url\":\"https:\/\/odorlock.com\/es\/publicaciones-cientificas\/\",\"name\":\"Publicaciones cient\u00edficas | Odorlock\",\"isPartOf\":{\"@id\":\"https:\/\/odorlock.com\/es\/#website\"},\"datePublished\":\"2023-06-12T15:50:37+00:00\",\"dateModified\":\"2024-07-10T21:05:24+00:00\",\"breadcrumb\":{\"@id\":\"https:\/\/odorlock.com\/es\/publicaciones-cientificas\/#breadcrumb\"},\"inLanguage\":\"es\",\"potentialAction\":[{\"@type\":\"ReadAction\",\"target\":[\"https:\/\/odorlock.com\/es\/publicaciones-cientificas\/\"]}]},{\"@type\":\"BreadcrumbList\",\"@id\":\"https:\/\/odorlock.com\/es\/publicaciones-cientificas\/#breadcrumb\",\"itemListElement\":[{\"@type\":\"ListItem\",\"position\":1,\"name\":\"Home\",\"item\":\"https:\/\/odorlock.com\/es\/\"},{\"@type\":\"ListItem\",\"position\":2,\"name\":\"Publicaciones cient\u00edficas\"}]},{\"@type\":\"WebSite\",\"@id\":\"https:\/\/odorlock.com\/es\/#website\",\"url\":\"https:\/\/odorlock.com\/es\/\",\"name\":\"Odourlock\",\"description\":\"OdorLock litter is made of a 100% pure natural clay, sodium bentonite. This mineral essential to our exclusive formula comes directly from Wyoming mines.\",\"publisher\":{\"@id\":\"https:\/\/odorlock.com\/es\/#organization\"},\"potentialAction\":[{\"@type\":\"SearchAction\",\"target\":{\"@type\":\"EntryPoint\",\"urlTemplate\":\"https:\/\/odorlock.com\/es\/?s={search_term_string}\"},\"query-input\":{\"@type\":\"PropertyValueSpecification\",\"valueRequired\":true,\"valueName\":\"search_term_string\"}}],\"inLanguage\":\"es\"},{\"@type\":\"Organization\",\"@id\":\"https:\/\/odorlock.com\/es\/#organization\",\"name\":\"Odourlock\",\"url\":\"https:\/\/odorlock.com\/es\/\",\"logo\":{\"@type\":\"ImageObject\",\"inLanguage\":\"es\",\"@id\":\"https:\/\/odorlock.com\/es\/#\/schema\/logo\/image\/\",\"url\":\"https:\/\/odorlock.com\/wp-content\/uploads\/2023\/03\/OdourLock_Lifestyle16_jpg.jpg\",\"contentUrl\":\"https:\/\/odorlock.com\/wp-content\/uploads\/2023\/03\/OdourLock_Lifestyle16_jpg.jpg\",\"width\":1504,\"height\":1004,\"caption\":\"Odourlock\"},\"image\":{\"@id\":\"https:\/\/odorlock.com\/es\/#\/schema\/logo\/image\/\"},\"sameAs\":[\"https:\/\/www.facebook.com\/odourlocklitter\",\"https:\/\/www.instagram.com\/odourlocklitter\/\"]}]}<\/script>\n<!-- \/ Yoast SEO plugin. -->","yoast_head_json":{"title":"Publicaciones cient\u00edficas | Odorlock","robots":{"index":"index","follow":"follow","max-snippet":"max-snippet:-1","max-image-preview":"max-image-preview:large","max-video-preview":"max-video-preview:-1"},"canonical":"https:\/\/odorlock.com\/es\/publicaciones-cientificas\/","og_locale":"es_ES","og_type":"article","og_title":"Publicaciones cient\u00edficas | Odorlock","og_description":"Publicaciones En esta secci\u00f3n se enumeran todas las publicaciones cient\u00edficas realizadas hasta la fecha sobre las arenas OdourLock\u00ae y los gr\u00e1nulos Bl\u00fccare\u00ae. Algunos estudios solo est\u00e1n disponibles en franc\u00e9s. Arena","og_url":"https:\/\/odorlock.com\/es\/publicaciones-cientificas\/","og_site_name":"Odorlock","article_publisher":"https:\/\/www.facebook.com\/odourlocklitter","article_modified_time":"2024-07-10T21:05:24+00:00","twitter_card":"summary_large_image","twitter_misc":{"Tiempo de lectura":"1 minuto"},"schema":{"@context":"https:\/\/schema.org","@graph":[{"@type":"WebPage","@id":"https:\/\/odorlock.com\/es\/publicaciones-cientificas\/","url":"https:\/\/odorlock.com\/es\/publicaciones-cientificas\/","name":"Publicaciones cient\u00edficas | Odorlock","isPartOf":{"@id":"https:\/\/odorlock.com\/es\/#website"},"datePublished":"2023-06-12T15:50:37+00:00","dateModified":"2024-07-10T21:05:24+00:00","breadcrumb":{"@id":"https:\/\/odorlock.com\/es\/publicaciones-cientificas\/#breadcrumb"},"inLanguage":"es","potentialAction":[{"@type":"ReadAction","target":["https:\/\/odorlock.com\/es\/publicaciones-cientificas\/"]}]},{"@type":"BreadcrumbList","@id":"https:\/\/odorlock.com\/es\/publicaciones-cientificas\/#breadcrumb","itemListElement":[{"@type":"ListItem","position":1,"name":"Home","item":"https:\/\/odorlock.com\/es\/"},{"@type":"ListItem","position":2,"name":"Publicaciones cient\u00edficas"}]},{"@type":"WebSite","@id":"https:\/\/odorlock.com\/es\/#website","url":"https:\/\/odorlock.com\/es\/","name":"Odourlock","description":"OdorLock litter is made of a 100% pure natural clay, sodium bentonite. This mineral essential to our exclusive formula comes directly from Wyoming mines.","publisher":{"@id":"https:\/\/odorlock.com\/es\/#organization"},"potentialAction":[{"@type":"SearchAction","target":{"@type":"EntryPoint","urlTemplate":"https:\/\/odorlock.com\/es\/?s={search_term_string}"},"query-input":{"@type":"PropertyValueSpecification","valueRequired":true,"valueName":"search_term_string"}}],"inLanguage":"es"},{"@type":"Organization","@id":"https:\/\/odorlock.com\/es\/#organization","name":"Odourlock","url":"https:\/\/odorlock.com\/es\/","logo":{"@type":"ImageObject","inLanguage":"es","@id":"https:\/\/odorlock.com\/es\/#\/schema\/logo\/image\/","url":"https:\/\/odorlock.com\/wp-content\/uploads\/2023\/03\/OdourLock_Lifestyle16_jpg.jpg","contentUrl":"https:\/\/odorlock.com\/wp-content\/uploads\/2023\/03\/OdourLock_Lifestyle16_jpg.jpg","width":1504,"height":1004,"caption":"Odourlock"},"image":{"@id":"https:\/\/odorlock.com\/es\/#\/schema\/logo\/image\/"},"sameAs":["https:\/\/www.facebook.com\/odourlocklitter","https:\/\/www.instagram.com\/odourlocklitter\/"]}]}},"_links":{"self":[{"href":"https:\/\/odorlock.com\/es\/wp-json\/wp\/v2\/pages\/30030","targetHints":{"allow":["GET"]}}],"collection":[{"href":"https:\/\/odorlock.com\/es\/wp-json\/wp\/v2\/pages"}],"about":[{"href":"https:\/\/odorlock.com\/es\/wp-json\/wp\/v2\/types\/page"}],"author":[{"embeddable":true,"href":"https:\/\/odorlock.com\/es\/wp-json\/wp\/v2\/users\/1"}],"replies":[{"embeddable":true,"href":"https:\/\/odorlock.com\/es\/wp-json\/wp\/v2\/comments?post=30030"}],"version-history":[{"count":2,"href":"https:\/\/odorlock.com\/es\/wp-json\/wp\/v2\/pages\/30030\/revisions"}],"predecessor-version":[{"id":30033,"href":"https:\/\/odorlock.com\/es\/wp-json\/wp\/v2\/pages\/30030\/revisions\/30033"}],"wp:attachment":[{"href":"https:\/\/odorlock.com\/es\/wp-json\/wp\/v2\/media?parent=30030"}],"curies":[{"name":"wp","href":"https:\/\/api.w.org\/{rel}","templated":true}]}}